{"id":350,"date":"2024-03-18T08:26:36","date_gmt":"2024-03-18T07:26:36","guid":{"rendered":"https:\/\/suigenfs.com\/uberblick\/"},"modified":"2024-05-09T09:27:43","modified_gmt":"2024-05-09T07:27:43","slug":"uberblick","status":"publish","type":"page","link":"https:\/\/suigenfs.com\/de\/uberblick\/","title":{"rendered":"\u00dcBERBLICK"},"content":{"rendered":"\n<p>Eine Wertpapierklage ist eine juristische Figur, die die Wiedergutmachung von Sch\u00e4den f\u00fcr Investorenverluste aufgrund von Betrug oder anderen Fehlverhalten eines Wertpapieremittenten erm\u00f6glicht. <\/p>\n\n<p>In der Regel sind Wertpapierklagen das Ergebnis von Verst\u00f6\u00dfen gegen bundesstaatliche Wertpapiergesetze, einschlie\u00dflich, aber nicht beschr\u00e4nkt auf, Ver\u00f6ffentlichungen von wesentlich falschen und irref\u00fchrenden Aussagen, Unterlassungen und unzul\u00e4ssigen Offenlegungen oder Buchhaltung, die den Wert der von Investoren gehaltenen Wertpapiere beeinflussen. <\/p>\n\n<p>In den meisten F\u00e4llen wird die Klage vor einer Verhandlung durch eine Vergleichsvereinbarung des Beklagten beigelegt, die eine Summe in bar oder Wertpapiere zur Wiederherstellung der Sch\u00e4den bereitstellt, die Investoren erlitten haben, w\u00e4hrend sie in die von dem Beklagten emittierten oder manipulierten Wertpapiere investiert haben. <\/p>\n\n<p>Das Hauptziel einer Sammelklage ist es daher, eine Entsch\u00e4digung in bar oder Wertpapiere bereitzustellen, die jedem Investor zugute kommen kann, unabh\u00e4ngig von seiner Gr\u00f6\u00dfe oder seinem Engagement w\u00e4hrend der fr\u00fchen Prozessphasen, etwas, das nicht m\u00f6glich w\u00e4re, wenn jeder Investor separat klagen m\u00fcsste. <\/p>\n\n<p>In den meisten F\u00e4llen ist es nicht erforderlich, aktiv an einer Klage teilzunehmen, um f\u00fcr eine Entsch\u00e4digung berechtigt zu sein. <\/p>\n\n<p>Es werden keine Informationen zu Zahlungen und beteiligten Inhabern \u00f6ffentlich gemacht. <\/p>\n\n<p>Wenn ein Entsch\u00e4digungsfonds eingerichtet wird, kann sich jeder betroffene Investor anonym anschlie\u00dfen und von der Entsch\u00e4digung profitieren. Jeder Investor, der das Wertpapier innerhalb des vom Gericht bestimmten relevanten Zeitraums erworben oder gehalten hat und dadurch einen Schaden erlitten hat, ist berechtigt, an der Verteilung solcher Fonds teilzunehmen. <\/p>\n\n<p>Die Palette der anfechtbaren Wertpapiere wird jedes Jahr erweitert, von einfachen Vanilla-Wertpapieren und traditionellen Eigenkapitalinstrumenten bis hin zu komplexen Wertpapieren und OTC-Instrumenten, die an Dark Pools gehandelt werden, sowie Referenzen, Zinss\u00e4tzen und Derivaten. <\/p>\n\n<p>In letzter Zeit gab es eine bemerkenswerte Zunahme der internationalen Wertpapierklagen, insbesondere in Europa. <\/p>\n\n<p>Die rechtliche Natur einer Sammelklage h\u00e4ngt mit der Einhaltung der Treuhand- und Verwahrpflichten zusammen, die Institutionen und Verm\u00f6gensverwalter gegen\u00fcber ihren wirtschaftlich Berechtigten haben.<\/p>\n","protected":false},"excerpt":{"rendered":"<p>Eine Wertpapierklage ist eine juristische Figur, die die Wiedergutmachung von Sch\u00e4den f\u00fcr Investorenverluste aufgrund von Betrug oder anderen Fehlverhalten eines Wertpapieremittenten erm\u00f6glicht. In der Regel sind Wertpapierklagen das Ergebnis von Verst\u00f6\u00dfen gegen bundesstaatliche Wertpapiergesetze, einschlie\u00dflich, aber nicht beschr\u00e4nkt auf, Ver\u00f6ffentlichungen von wesentlich falschen und irref\u00fchrenden Aussagen, Unterlassungen und unzul\u00e4ssigen Offenlegungen oder Buchhaltung, die den Wert [&hellip;]<\/p>\n","protected":false},"author":1,"featured_media":0,"parent":0,"menu_order":2,"comment_status":"closed","ping_status":"closed","template":"page-overview.php","meta":{"_acf_changed":false,"footnotes":""},"class_list":["post-350","page","type-page","status-publish","hentry"],"acf":[],"yoast_head":"<!-- This site is optimized with the Yoast SEO plugin v25.1 - https:\/\/yoast.com\/wordpress\/plugins\/seo\/ -->\n<title>\u00dcBERBLICK - SuigenFS<\/title>\n<meta name=\"description\" content=\"Wertpapier-Sammelklagen dienen der Entsch\u00e4digung von Anlegern f\u00fcr Verluste aufgrund von Betrug oder Fehlverhalten und bieten die M\u00f6glichkeit der Wiederherstellung durch eingerichtete Fonds.\" \/>\n<meta name=\"robots\" content=\"index, follow, max-snippet:-1, max-image-preview:large, max-video-preview:-1\" \/>\n<link rel=\"canonical\" href=\"https:\/\/suigenfs.com\/de\/uberblick\/\" \/>\n<meta property=\"og:locale\" content=\"de_DE\" \/>\n<meta property=\"og:type\" content=\"article\" \/>\n<meta property=\"og:title\" content=\"\u00dcBERBLICK - SuigenFS\" \/>\n<meta property=\"og:description\" content=\"Wertpapier-Sammelklagen dienen der Entsch\u00e4digung von Anlegern f\u00fcr Verluste aufgrund von Betrug oder Fehlverhalten und bieten die M\u00f6glichkeit der Wiederherstellung durch eingerichtete Fonds.\" \/>\n<meta property=\"og:url\" content=\"https:\/\/suigenfs.com\/de\/uberblick\/\" \/>\n<meta property=\"og:site_name\" content=\"SuigenFS\" \/>\n<meta property=\"article:modified_time\" content=\"2024-05-09T07:27:43+00:00\" \/>\n<meta property=\"og:image\" content=\"https:\/\/suigenfs.com\/wp-content\/uploads\/2022\/04\/image-compartir-suigen-jpg.webp\" \/>\n\t<meta property=\"og:image:width\" content=\"1200\" \/>\n\t<meta property=\"og:image:height\" content=\"628\" \/>\n\t<meta property=\"og:image:type\" content=\"image\/jpeg\" \/>\n<meta name=\"twitter:card\" content=\"summary_large_image\" \/>\n<meta name=\"twitter:label1\" content=\"Gesch\u00e4tzte Lesezeit\" \/>\n\t<meta name=\"twitter:data1\" content=\"2\u00a0Minuten\" \/>\n<script type=\"application\/ld+json\" class=\"yoast-schema-graph\">{\"@context\":\"https:\/\/schema.org\",\"@graph\":[{\"@type\":\"WebPage\",\"@id\":\"https:\/\/suigenfs.com\/de\/uberblick\/\",\"url\":\"https:\/\/suigenfs.com\/de\/uberblick\/\",\"name\":\"\u00dcBERBLICK - SuigenFS\",\"isPartOf\":{\"@id\":\"https:\/\/suigenfs.com\/de\/#website\"},\"datePublished\":\"2024-03-18T07:26:36+00:00\",\"dateModified\":\"2024-05-09T07:27:43+00:00\",\"description\":\"Wertpapier-Sammelklagen dienen der Entsch\u00e4digung von Anlegern f\u00fcr Verluste aufgrund von Betrug oder Fehlverhalten und bieten die M\u00f6glichkeit der Wiederherstellung durch eingerichtete Fonds.\",\"breadcrumb\":{\"@id\":\"https:\/\/suigenfs.com\/de\/uberblick\/#breadcrumb\"},\"inLanguage\":\"de\",\"potentialAction\":[{\"@type\":\"ReadAction\",\"target\":[\"https:\/\/suigenfs.com\/de\/uberblick\/\"]}]},{\"@type\":\"BreadcrumbList\",\"@id\":\"https:\/\/suigenfs.com\/de\/uberblick\/#breadcrumb\",\"itemListElement\":[{\"@type\":\"ListItem\",\"position\":1,\"name\":\"Startseite\",\"item\":\"https:\/\/suigenfs.com\/de\/startseite\/\"},{\"@type\":\"ListItem\",\"position\":2,\"name\":\"\u00dcBERBLICK\"}]},{\"@type\":\"WebSite\",\"@id\":\"https:\/\/suigenfs.com\/de\/#website\",\"url\":\"https:\/\/suigenfs.com\/de\/\",\"name\":\"SuigenFS\",\"description\":\"Suigen is one of Europe&#039;s leading securities class action services providers\",\"alternateName\":\"Suigen\",\"potentialAction\":[{\"@type\":\"SearchAction\",\"target\":{\"@type\":\"EntryPoint\",\"urlTemplate\":\"https:\/\/suigenfs.com\/de\/?s={search_term_string}\"},\"query-input\":{\"@type\":\"PropertyValueSpecification\",\"valueRequired\":true,\"valueName\":\"search_term_string\"}}],\"inLanguage\":\"de\"}]}<\/script>\n<!-- \/ Yoast SEO plugin. -->","yoast_head_json":{"title":"\u00dcBERBLICK - SuigenFS","description":"Wertpapier-Sammelklagen dienen der Entsch\u00e4digung von Anlegern f\u00fcr Verluste aufgrund von Betrug oder Fehlverhalten und bieten die M\u00f6glichkeit der Wiederherstellung durch eingerichtete Fonds.","robots":{"index":"index","follow":"follow","max-snippet":"max-snippet:-1","max-image-preview":"max-image-preview:large","max-video-preview":"max-video-preview:-1"},"canonical":"https:\/\/suigenfs.com\/de\/uberblick\/","og_locale":"de_DE","og_type":"article","og_title":"\u00dcBERBLICK - SuigenFS","og_description":"Wertpapier-Sammelklagen dienen der Entsch\u00e4digung von Anlegern f\u00fcr Verluste aufgrund von Betrug oder Fehlverhalten und bieten die M\u00f6glichkeit der Wiederherstellung durch eingerichtete Fonds.","og_url":"https:\/\/suigenfs.com\/de\/uberblick\/","og_site_name":"SuigenFS","article_modified_time":"2024-05-09T07:27:43+00:00","og_image":[{"width":1200,"height":628,"url":"https:\/\/suigenfs.com\/wp-content\/uploads\/2022\/04\/image-compartir-suigen-jpg.webp","type":"image\/jpeg"}],"twitter_card":"summary_large_image","twitter_misc":{"Gesch\u00e4tzte Lesezeit":"2\u00a0Minuten"},"schema":{"@context":"https:\/\/schema.org","@graph":[{"@type":"WebPage","@id":"https:\/\/suigenfs.com\/de\/uberblick\/","url":"https:\/\/suigenfs.com\/de\/uberblick\/","name":"\u00dcBERBLICK - SuigenFS","isPartOf":{"@id":"https:\/\/suigenfs.com\/de\/#website"},"datePublished":"2024-03-18T07:26:36+00:00","dateModified":"2024-05-09T07:27:43+00:00","description":"Wertpapier-Sammelklagen dienen der Entsch\u00e4digung von Anlegern f\u00fcr Verluste aufgrund von Betrug oder Fehlverhalten und bieten die M\u00f6glichkeit der Wiederherstellung durch eingerichtete Fonds.","breadcrumb":{"@id":"https:\/\/suigenfs.com\/de\/uberblick\/#breadcrumb"},"inLanguage":"de","potentialAction":[{"@type":"ReadAction","target":["https:\/\/suigenfs.com\/de\/uberblick\/"]}]},{"@type":"BreadcrumbList","@id":"https:\/\/suigenfs.com\/de\/uberblick\/#breadcrumb","itemListElement":[{"@type":"ListItem","position":1,"name":"Startseite","item":"https:\/\/suigenfs.com\/de\/startseite\/"},{"@type":"ListItem","position":2,"name":"\u00dcBERBLICK"}]},{"@type":"WebSite","@id":"https:\/\/suigenfs.com\/de\/#website","url":"https:\/\/suigenfs.com\/de\/","name":"SuigenFS","description":"Suigen is one of Europe&#039;s leading securities class action services providers","alternateName":"Suigen","potentialAction":[{"@type":"SearchAction","target":{"@type":"EntryPoint","urlTemplate":"https:\/\/suigenfs.com\/de\/?s={search_term_string}"},"query-input":{"@type":"PropertyValueSpecification","valueRequired":true,"valueName":"search_term_string"}}],"inLanguage":"de"}]}},"_links":{"self":[{"href":"https:\/\/suigenfs.com\/de\/wp-json\/wp\/v2\/pages\/350","targetHints":{"allow":["GET"]}}],"collection":[{"href":"https:\/\/suigenfs.com\/de\/wp-json\/wp\/v2\/pages"}],"about":[{"href":"https:\/\/suigenfs.com\/de\/wp-json\/wp\/v2\/types\/page"}],"author":[{"embeddable":true,"href":"https:\/\/suigenfs.com\/de\/wp-json\/wp\/v2\/users\/1"}],"replies":[{"embeddable":true,"href":"https:\/\/suigenfs.com\/de\/wp-json\/wp\/v2\/comments?post=350"}],"version-history":[{"count":2,"href":"https:\/\/suigenfs.com\/de\/wp-json\/wp\/v2\/pages\/350\/revisions"}],"predecessor-version":[{"id":384,"href":"https:\/\/suigenfs.com\/de\/wp-json\/wp\/v2\/pages\/350\/revisions\/384"}],"wp:attachment":[{"href":"https:\/\/suigenfs.com\/de\/wp-json\/wp\/v2\/media?parent=350"}],"curies":[{"name":"wp","href":"https:\/\/api.w.org\/{rel}","templated":true}]}}