{"id":544,"date":"2025-02-12T15:39:35","date_gmt":"2025-02-12T14:39:35","guid":{"rendered":"https:\/\/suigenfs.com\/active-cases\/"},"modified":"2025-02-17T11:59:39","modified_gmt":"2025-02-17T10:59:39","slug":"aktive-cases","status":"publish","type":"page","link":"https:\/\/suigenfs.com\/de\/aktive-cases\/","title":{"rendered":"Aktive F\u00e4lle"},"content":{"rendered":"\n<p>Suigen FS nutzt propriet\u00e4re \u00dcberwachungs- und Einreichungsprozesse, um potenzielle R\u00fcckerstattungsm\u00f6glichkeiten aus Wertpapier-Sammelklagen zu identifizieren, und stellt sicher, dass die maximale R\u00fcckerstattung innerhalb des richtigen Anwendungsrahmens und der Fristen erreicht wird. Dies sind unsere derzeit aktiven F\u00e4lle \u2013 pr\u00fcfen Sie, ob Sie berechtigt sind, einen Anspruch geltend zu machen. Es ist kostenlos, risikofrei, und wir arbeiten nach einem Erfolgshonorarmodell, wobei wir strikt die Schweizer Datenschutzgesetze einhalten. Klicken Sie auf \u201aPr\u00fcfung der Berechtigung\u2018, um zu beginnen.<\/p>\n\n<div class=\"wp-block-buttons is-content-justification-center is-layout-flex wp-container-core-buttons-is-layout-16018d1d wp-block-buttons-is-layout-flex\">\n<div class=\"wp-block-button c-button--wp\"><a class=\"wp-block-button__link wp-element-button\" href=\"https:\/\/suigenfs.com\/de\/ihre-abfindung-finden\/\">PR\u00dcFUNG DER BERECHTIGUNG<\/a><\/div>\n<\/div>\n","protected":false},"excerpt":{"rendered":"<p>Suigen FS nutzt propriet\u00e4re \u00dcberwachungs- und Einreichungsprozesse, um potenzielle R\u00fcckerstattungsm\u00f6glichkeiten aus Wertpapier-Sammelklagen zu identifizieren, und stellt sicher, dass die maximale R\u00fcckerstattung innerhalb des richtigen Anwendungsrahmens und der Fristen erreicht wird. Dies sind unsere derzeit aktiven F\u00e4lle \u2013 pr\u00fcfen Sie, ob Sie berechtigt sind, einen Anspruch geltend zu machen. Es ist kostenlos, risikofrei, und wir arbeiten [&hellip;]<\/p>\n","protected":false},"author":1,"featured_media":0,"parent":0,"menu_order":40,"comment_status":"closed","ping_status":"closed","template":"page-active-cases.php","meta":{"_acf_changed":false,"footnotes":""},"class_list":["post-544","page","type-page","status-publish","hentry"],"acf":[],"yoast_head":"<!-- This site is optimized with the Yoast SEO plugin v25.1 - https:\/\/yoast.com\/wordpress\/plugins\/seo\/ -->\n<title>Aktive F\u00e4lle - SuigenFS<\/title>\n<meta name=\"robots\" content=\"index, follow, max-snippet:-1, max-image-preview:large, max-video-preview:-1\" \/>\n<link rel=\"canonical\" href=\"https:\/\/suigenfs.com\/de\/aktive-cases\/\" \/>\n<meta property=\"og:locale\" content=\"de_DE\" \/>\n<meta property=\"og:type\" content=\"article\" \/>\n<meta property=\"og:title\" content=\"Aktive F\u00e4lle - SuigenFS\" \/>\n<meta property=\"og:description\" content=\"Suigen FS nutzt propriet\u00e4re \u00dcberwachungs- und Einreichungsprozesse, um potenzielle R\u00fcckerstattungsm\u00f6glichkeiten aus Wertpapier-Sammelklagen zu identifizieren, und stellt sicher, dass die maximale R\u00fcckerstattung innerhalb des richtigen Anwendungsrahmens und der Fristen erreicht wird. Dies sind unsere derzeit aktiven F\u00e4lle \u2013 pr\u00fcfen Sie, ob Sie berechtigt sind, einen Anspruch geltend zu machen. Es ist kostenlos, risikofrei, und wir arbeiten [&hellip;]\" \/>\n<meta property=\"og:url\" content=\"https:\/\/suigenfs.com\/de\/aktive-cases\/\" \/>\n<meta property=\"og:site_name\" content=\"SuigenFS\" \/>\n<meta property=\"article:modified_time\" content=\"2025-02-17T10:59:39+00:00\" \/>\n<meta property=\"og:image\" content=\"https:\/\/suigenfs.com\/wp-content\/uploads\/2022\/04\/image-compartir-suigen-jpg.webp\" \/>\n\t<meta property=\"og:image:width\" content=\"1200\" \/>\n\t<meta property=\"og:image:height\" content=\"628\" \/>\n\t<meta property=\"og:image:type\" content=\"image\/jpeg\" \/>\n<meta name=\"twitter:card\" content=\"summary_large_image\" \/>\n<script type=\"application\/ld+json\" class=\"yoast-schema-graph\">{\"@context\":\"https:\/\/schema.org\",\"@graph\":[{\"@type\":\"WebPage\",\"@id\":\"https:\/\/suigenfs.com\/de\/aktive-cases\/\",\"url\":\"https:\/\/suigenfs.com\/de\/aktive-cases\/\",\"name\":\"Aktive F\u00e4lle - SuigenFS\",\"isPartOf\":{\"@id\":\"https:\/\/suigenfs.com\/de\/#website\"},\"datePublished\":\"2025-02-12T14:39:35+00:00\",\"dateModified\":\"2025-02-17T10:59:39+00:00\",\"breadcrumb\":{\"@id\":\"https:\/\/suigenfs.com\/de\/aktive-cases\/#breadcrumb\"},\"inLanguage\":\"de\",\"potentialAction\":[{\"@type\":\"ReadAction\",\"target\":[\"https:\/\/suigenfs.com\/de\/aktive-cases\/\"]}]},{\"@type\":\"BreadcrumbList\",\"@id\":\"https:\/\/suigenfs.com\/de\/aktive-cases\/#breadcrumb\",\"itemListElement\":[{\"@type\":\"ListItem\",\"position\":1,\"name\":\"Startseite\",\"item\":\"https:\/\/suigenfs.com\/de\/startseite\/\"},{\"@type\":\"ListItem\",\"position\":2,\"name\":\"Aktive F\u00e4lle\"}]},{\"@type\":\"WebSite\",\"@id\":\"https:\/\/suigenfs.com\/de\/#website\",\"url\":\"https:\/\/suigenfs.com\/de\/\",\"name\":\"SuigenFS\",\"description\":\"Suigen is one of Europe&#039;s leading securities class action services providers\",\"alternateName\":\"Suigen\",\"potentialAction\":[{\"@type\":\"SearchAction\",\"target\":{\"@type\":\"EntryPoint\",\"urlTemplate\":\"https:\/\/suigenfs.com\/de\/?s={search_term_string}\"},\"query-input\":{\"@type\":\"PropertyValueSpecification\",\"valueRequired\":true,\"valueName\":\"search_term_string\"}}],\"inLanguage\":\"de\"}]}<\/script>\n<!-- \/ Yoast SEO plugin. -->","yoast_head_json":{"title":"Aktive F\u00e4lle - SuigenFS","robots":{"index":"index","follow":"follow","max-snippet":"max-snippet:-1","max-image-preview":"max-image-preview:large","max-video-preview":"max-video-preview:-1"},"canonical":"https:\/\/suigenfs.com\/de\/aktive-cases\/","og_locale":"de_DE","og_type":"article","og_title":"Aktive F\u00e4lle - SuigenFS","og_description":"Suigen FS nutzt propriet\u00e4re \u00dcberwachungs- und Einreichungsprozesse, um potenzielle R\u00fcckerstattungsm\u00f6glichkeiten aus Wertpapier-Sammelklagen zu identifizieren, und stellt sicher, dass die maximale R\u00fcckerstattung innerhalb des richtigen Anwendungsrahmens und der Fristen erreicht wird. Dies sind unsere derzeit aktiven F\u00e4lle \u2013 pr\u00fcfen Sie, ob Sie berechtigt sind, einen Anspruch geltend zu machen. Es ist kostenlos, risikofrei, und wir arbeiten [&hellip;]","og_url":"https:\/\/suigenfs.com\/de\/aktive-cases\/","og_site_name":"SuigenFS","article_modified_time":"2025-02-17T10:59:39+00:00","og_image":[{"width":1200,"height":628,"url":"https:\/\/suigenfs.com\/wp-content\/uploads\/2022\/04\/image-compartir-suigen-jpg.webp","type":"image\/jpeg"}],"twitter_card":"summary_large_image","schema":{"@context":"https:\/\/schema.org","@graph":[{"@type":"WebPage","@id":"https:\/\/suigenfs.com\/de\/aktive-cases\/","url":"https:\/\/suigenfs.com\/de\/aktive-cases\/","name":"Aktive F\u00e4lle - SuigenFS","isPartOf":{"@id":"https:\/\/suigenfs.com\/de\/#website"},"datePublished":"2025-02-12T14:39:35+00:00","dateModified":"2025-02-17T10:59:39+00:00","breadcrumb":{"@id":"https:\/\/suigenfs.com\/de\/aktive-cases\/#breadcrumb"},"inLanguage":"de","potentialAction":[{"@type":"ReadAction","target":["https:\/\/suigenfs.com\/de\/aktive-cases\/"]}]},{"@type":"BreadcrumbList","@id":"https:\/\/suigenfs.com\/de\/aktive-cases\/#breadcrumb","itemListElement":[{"@type":"ListItem","position":1,"name":"Startseite","item":"https:\/\/suigenfs.com\/de\/startseite\/"},{"@type":"ListItem","position":2,"name":"Aktive F\u00e4lle"}]},{"@type":"WebSite","@id":"https:\/\/suigenfs.com\/de\/#website","url":"https:\/\/suigenfs.com\/de\/","name":"SuigenFS","description":"Suigen is one of Europe&#039;s leading securities class action services providers","alternateName":"Suigen","potentialAction":[{"@type":"SearchAction","target":{"@type":"EntryPoint","urlTemplate":"https:\/\/suigenfs.com\/de\/?s={search_term_string}"},"query-input":{"@type":"PropertyValueSpecification","valueRequired":true,"valueName":"search_term_string"}}],"inLanguage":"de"}]}},"_links":{"self":[{"href":"https:\/\/suigenfs.com\/de\/wp-json\/wp\/v2\/pages\/544","targetHints":{"allow":["GET"]}}],"collection":[{"href":"https:\/\/suigenfs.com\/de\/wp-json\/wp\/v2\/pages"}],"about":[{"href":"https:\/\/suigenfs.com\/de\/wp-json\/wp\/v2\/types\/page"}],"author":[{"embeddable":true,"href":"https:\/\/suigenfs.com\/de\/wp-json\/wp\/v2\/users\/1"}],"replies":[{"embeddable":true,"href":"https:\/\/suigenfs.com\/de\/wp-json\/wp\/v2\/comments?post=544"}],"version-history":[{"count":20,"href":"https:\/\/suigenfs.com\/de\/wp-json\/wp\/v2\/pages\/544\/revisions"}],"predecessor-version":[{"id":619,"href":"https:\/\/suigenfs.com\/de\/wp-json\/wp\/v2\/pages\/544\/revisions\/619"}],"wp:attachment":[{"href":"https:\/\/suigenfs.com\/de\/wp-json\/wp\/v2\/media?parent=544"}],"curies":[{"name":"wp","href":"https:\/\/api.w.org\/{rel}","templated":true}]}}