{"id":546,"date":"2025-02-12T15:40:32","date_gmt":"2025-02-12T14:40:32","guid":{"rendered":"https:\/\/suigenfs.com\/erforlgsgeschichten\/"},"modified":"2025-02-17T12:21:54","modified_gmt":"2025-02-17T11:21:54","slug":"success-stories","status":"publish","type":"page","link":"https:\/\/suigenfs.com\/de\/success-stories\/","title":{"rendered":"Success Stories"},"content":{"rendered":"\n<p>J\u00e4hrlich werden mehr als 4 Milliarden US-Dollar durch M\u00f6glichkeiten aus Fonds f\u00fcr Wertpapier-Sammelklagen zur\u00fcckerstattet, wobei einige F\u00e4lle Entsch\u00e4digungsquoten von 90 % bis 100 % liefern. Dies bietet Anlegern ein erhebliches R\u00fcckerstattungspotenzial durch ein formelles Verwaltungsverfahren, ohne dass ein Rechtsstreit erforderlich ist.<\/p>\n\n<div class=\"wp-block-buttons is-content-justification-center is-layout-flex wp-container-core-buttons-is-layout-16018d1d wp-block-buttons-is-layout-flex\">\n<div class=\"wp-block-button c-button--wp\"><a class=\"wp-block-button__link wp-element-button\" href=\"https:\/\/suigenfs.com\/de\/ihre-abfindung-finden\/\">PR\u00dcFUNG DER BERECHTIGUNG<\/a><\/div>\n<\/div>\n","protected":false},"excerpt":{"rendered":"<p>J\u00e4hrlich werden mehr als 4 Milliarden US-Dollar durch M\u00f6glichkeiten aus Fonds f\u00fcr Wertpapier-Sammelklagen zur\u00fcckerstattet, wobei einige F\u00e4lle Entsch\u00e4digungsquoten von 90 % bis 100 % liefern. Dies bietet Anlegern ein erhebliches R\u00fcckerstattungspotenzial durch ein formelles Verwaltungsverfahren, ohne dass ein Rechtsstreit erforderlich ist.<\/p>\n","protected":false},"author":1,"featured_media":0,"parent":0,"menu_order":41,"comment_status":"closed","ping_status":"closed","template":"page-success-stories.php","meta":{"_acf_changed":false,"footnotes":""},"class_list":["post-546","page","type-page","status-publish","hentry"],"acf":[],"yoast_head":"<!-- This site is optimized with the Yoast SEO plugin v25.1 - https:\/\/yoast.com\/wordpress\/plugins\/seo\/ -->\n<title>Success Stories - SuigenFS<\/title>\n<meta name=\"robots\" content=\"index, follow, max-snippet:-1, max-image-preview:large, max-video-preview:-1\" \/>\n<link rel=\"canonical\" href=\"https:\/\/suigenfs.com\/de\/success-stories\/\" \/>\n<meta property=\"og:locale\" content=\"de_DE\" \/>\n<meta property=\"og:type\" content=\"article\" \/>\n<meta property=\"og:title\" content=\"Success Stories - SuigenFS\" \/>\n<meta property=\"og:description\" content=\"J\u00e4hrlich werden mehr als 4 Milliarden US-Dollar durch M\u00f6glichkeiten aus Fonds f\u00fcr Wertpapier-Sammelklagen zur\u00fcckerstattet, wobei einige F\u00e4lle Entsch\u00e4digungsquoten von 90 % bis 100 % liefern. Dies bietet Anlegern ein erhebliches R\u00fcckerstattungspotenzial durch ein formelles Verwaltungsverfahren, ohne dass ein Rechtsstreit erforderlich ist.\" \/>\n<meta property=\"og:url\" content=\"https:\/\/suigenfs.com\/de\/success-stories\/\" \/>\n<meta property=\"og:site_name\" content=\"SuigenFS\" \/>\n<meta property=\"article:modified_time\" content=\"2025-02-17T11:21:54+00:00\" \/>\n<meta property=\"og:image\" content=\"https:\/\/suigenfs.com\/wp-content\/uploads\/2022\/04\/image-compartir-suigen-jpg.webp\" \/>\n\t<meta property=\"og:image:width\" content=\"1200\" \/>\n\t<meta property=\"og:image:height\" content=\"628\" \/>\n\t<meta property=\"og:image:type\" content=\"image\/jpeg\" \/>\n<meta name=\"twitter:card\" content=\"summary_large_image\" \/>\n<script type=\"application\/ld+json\" class=\"yoast-schema-graph\">{\"@context\":\"https:\/\/schema.org\",\"@graph\":[{\"@type\":\"WebPage\",\"@id\":\"https:\/\/suigenfs.com\/de\/success-stories\/\",\"url\":\"https:\/\/suigenfs.com\/de\/success-stories\/\",\"name\":\"Success Stories - SuigenFS\",\"isPartOf\":{\"@id\":\"https:\/\/suigenfs.com\/de\/#website\"},\"datePublished\":\"2025-02-12T14:40:32+00:00\",\"dateModified\":\"2025-02-17T11:21:54+00:00\",\"breadcrumb\":{\"@id\":\"https:\/\/suigenfs.com\/de\/success-stories\/#breadcrumb\"},\"inLanguage\":\"de\",\"potentialAction\":[{\"@type\":\"ReadAction\",\"target\":[\"https:\/\/suigenfs.com\/de\/success-stories\/\"]}]},{\"@type\":\"BreadcrumbList\",\"@id\":\"https:\/\/suigenfs.com\/de\/success-stories\/#breadcrumb\",\"itemListElement\":[{\"@type\":\"ListItem\",\"position\":1,\"name\":\"Startseite\",\"item\":\"https:\/\/suigenfs.com\/de\/startseite\/\"},{\"@type\":\"ListItem\",\"position\":2,\"name\":\"Success Stories\"}]},{\"@type\":\"WebSite\",\"@id\":\"https:\/\/suigenfs.com\/de\/#website\",\"url\":\"https:\/\/suigenfs.com\/de\/\",\"name\":\"SuigenFS\",\"description\":\"Suigen is one of Europe&#039;s leading securities class action services providers\",\"alternateName\":\"Suigen\",\"potentialAction\":[{\"@type\":\"SearchAction\",\"target\":{\"@type\":\"EntryPoint\",\"urlTemplate\":\"https:\/\/suigenfs.com\/de\/?s={search_term_string}\"},\"query-input\":{\"@type\":\"PropertyValueSpecification\",\"valueRequired\":true,\"valueName\":\"search_term_string\"}}],\"inLanguage\":\"de\"}]}<\/script>\n<!-- \/ Yoast SEO plugin. -->","yoast_head_json":{"title":"Success Stories - SuigenFS","robots":{"index":"index","follow":"follow","max-snippet":"max-snippet:-1","max-image-preview":"max-image-preview:large","max-video-preview":"max-video-preview:-1"},"canonical":"https:\/\/suigenfs.com\/de\/success-stories\/","og_locale":"de_DE","og_type":"article","og_title":"Success Stories - SuigenFS","og_description":"J\u00e4hrlich werden mehr als 4 Milliarden US-Dollar durch M\u00f6glichkeiten aus Fonds f\u00fcr Wertpapier-Sammelklagen zur\u00fcckerstattet, wobei einige F\u00e4lle Entsch\u00e4digungsquoten von 90 % bis 100 % liefern. Dies bietet Anlegern ein erhebliches R\u00fcckerstattungspotenzial durch ein formelles Verwaltungsverfahren, ohne dass ein Rechtsstreit erforderlich ist.","og_url":"https:\/\/suigenfs.com\/de\/success-stories\/","og_site_name":"SuigenFS","article_modified_time":"2025-02-17T11:21:54+00:00","og_image":[{"width":1200,"height":628,"url":"https:\/\/suigenfs.com\/wp-content\/uploads\/2022\/04\/image-compartir-suigen-jpg.webp","type":"image\/jpeg"}],"twitter_card":"summary_large_image","schema":{"@context":"https:\/\/schema.org","@graph":[{"@type":"WebPage","@id":"https:\/\/suigenfs.com\/de\/success-stories\/","url":"https:\/\/suigenfs.com\/de\/success-stories\/","name":"Success Stories - SuigenFS","isPartOf":{"@id":"https:\/\/suigenfs.com\/de\/#website"},"datePublished":"2025-02-12T14:40:32+00:00","dateModified":"2025-02-17T11:21:54+00:00","breadcrumb":{"@id":"https:\/\/suigenfs.com\/de\/success-stories\/#breadcrumb"},"inLanguage":"de","potentialAction":[{"@type":"ReadAction","target":["https:\/\/suigenfs.com\/de\/success-stories\/"]}]},{"@type":"BreadcrumbList","@id":"https:\/\/suigenfs.com\/de\/success-stories\/#breadcrumb","itemListElement":[{"@type":"ListItem","position":1,"name":"Startseite","item":"https:\/\/suigenfs.com\/de\/startseite\/"},{"@type":"ListItem","position":2,"name":"Success Stories"}]},{"@type":"WebSite","@id":"https:\/\/suigenfs.com\/de\/#website","url":"https:\/\/suigenfs.com\/de\/","name":"SuigenFS","description":"Suigen is one of Europe&#039;s leading securities class action services providers","alternateName":"Suigen","potentialAction":[{"@type":"SearchAction","target":{"@type":"EntryPoint","urlTemplate":"https:\/\/suigenfs.com\/de\/?s={search_term_string}"},"query-input":{"@type":"PropertyValueSpecification","valueRequired":true,"valueName":"search_term_string"}}],"inLanguage":"de"}]}},"_links":{"self":[{"href":"https:\/\/suigenfs.com\/de\/wp-json\/wp\/v2\/pages\/546","targetHints":{"allow":["GET"]}}],"collection":[{"href":"https:\/\/suigenfs.com\/de\/wp-json\/wp\/v2\/pages"}],"about":[{"href":"https:\/\/suigenfs.com\/de\/wp-json\/wp\/v2\/types\/page"}],"author":[{"embeddable":true,"href":"https:\/\/suigenfs.com\/de\/wp-json\/wp\/v2\/users\/1"}],"replies":[{"embeddable":true,"href":"https:\/\/suigenfs.com\/de\/wp-json\/wp\/v2\/comments?post=546"}],"version-history":[{"count":16,"href":"https:\/\/suigenfs.com\/de\/wp-json\/wp\/v2\/pages\/546\/revisions"}],"predecessor-version":[{"id":629,"href":"https:\/\/suigenfs.com\/de\/wp-json\/wp\/v2\/pages\/546\/revisions\/629"}],"wp:attachment":[{"href":"https:\/\/suigenfs.com\/de\/wp-json\/wp\/v2\/media?parent=546"}],"curies":[{"name":"wp","href":"https:\/\/api.w.org\/{rel}","templated":true}]}}