{"id":336,"date":"2024-03-18T08:26:36","date_gmt":"2024-03-18T07:26:36","guid":{"rendered":"https:\/\/suigenfs.com\/apercu\/"},"modified":"2024-05-09T09:27:22","modified_gmt":"2024-05-09T07:27:22","slug":"apercu","status":"publish","type":"page","link":"https:\/\/suigenfs.com\/fr\/apercu\/","title":{"rendered":"APER\u00c7U"},"content":{"rendered":"\n<p>Une action collective en mati\u00e8re de valeurs mobili\u00e8res est une figure juridique qui vise \u00e0 r\u00e9parer les pertes subies par les investisseurs en raison d&rsquo;une fraude ou d&rsquo;autres comportements r\u00e9pr\u00e9hensibles de la part d&rsquo;un \u00e9metteur de valeurs mobili\u00e8res. <\/p>\n\n<p>Typiquement, les actions collectives en mati\u00e8re de valeurs mobili\u00e8res r\u00e9sultent de violations des lois f\u00e9d\u00e9rales sur les valeurs mobili\u00e8res, comprenant notamment, mais sans s&rsquo;y limiter, des publications de d\u00e9clarations mat\u00e9riellement fausses et trompeuses, des omissions et des divulgations ou comptabilit\u00e9s incorrectes ayant un impact sur la valeur des titres d\u00e9tenus par les investisseurs. <\/p>\n\n<p>Dans la plupart des cas, avant de passer en jugement, la demande d&rsquo;action collective est r\u00e9gl\u00e9e par le d\u00e9fendeur, qui fournit une somme d&rsquo;argent ou des titres aux investisseurs pour compenser les dommages subis lors de leurs investissements dans les titres \u00e9mis ou manipul\u00e9s par le d\u00e9fendeur. <\/p>\n\n<p>L&rsquo;objectif principal d&rsquo;un proc\u00e8s en action collective est donc de fournir une compensation en esp\u00e8ces ou en titres pouvant atteindre tous les investisseurs, quelle que soit leur taille ou leur implication lors des premi\u00e8res phases de litige, ce qui ne serait pas possible si chaque investisseur devait poursuivre individuellement en justice. <\/p>\n\n<p>Dans la plupart des cas, il n&rsquo;est pas n\u00e9cessaire de participer activement \u00e0 un quelconque litige pour \u00eatre \u00e9ligible \u00e0 une compensation. <\/p>\n\n<p>Aucune information sur les paiements et les d\u00e9tenteurs impliqu\u00e9s n&rsquo;est rendue publique. <\/p>\n\n<p>Lorsqu&rsquo;un fonds de compensation est \u00e9tabli, chaque investisseur affect\u00e9 peut y adh\u00e9rer et b\u00e9n\u00e9ficier de la compensation de mani\u00e8re anonyme. Tout investisseur ayant achet\u00e9 ou d\u00e9tenu le titre pendant la p\u00e9riode pertinente d\u00e9termin\u00e9e par le tribunal et ayant subi un pr\u00e9judice a le droit de participer \u00e0 la distribution de ces fonds. <\/p>\n\n<p>La gamme des titres susceptibles de faire l&rsquo;objet d&rsquo;une action en justice s&rsquo;\u00e9largit chaque ann\u00e9e, allant des titres classiques et instruments de capitaux propres traditionnels aux titres complexes et instruments de gr\u00e9 \u00e0 gr\u00e9 \u00e9chang\u00e9s dans des pools sombres, ainsi qu&rsquo;aux indices, taux d&rsquo;int\u00e9r\u00eat et d\u00e9riv\u00e9s. <\/p>\n\n<p>R\u00e9cemment, on a constat\u00e9 une augmentation notable des litiges internationaux en mati\u00e8re de valeurs mobili\u00e8res, notamment en Europe. <\/p>\n\n<p>La nature juridique d&rsquo;une action collective est li\u00e9e au respect des devoirs fiduciaires et de garde que les institutions et les gestionnaires d&rsquo;actifs doivent \u00e0 leurs propri\u00e9taires effectifs.<\/p>\n","protected":false},"excerpt":{"rendered":"<p>Une action collective en mati\u00e8re de valeurs mobili\u00e8res est une figure juridique qui vise \u00e0 r\u00e9parer les pertes subies par les investisseurs en raison d&rsquo;une fraude ou d&rsquo;autres comportements r\u00e9pr\u00e9hensibles de la part d&rsquo;un \u00e9metteur de valeurs mobili\u00e8res. Typiquement, les actions collectives en mati\u00e8re de valeurs mobili\u00e8res r\u00e9sultent de violations des lois f\u00e9d\u00e9rales sur les [&hellip;]<\/p>\n","protected":false},"author":1,"featured_media":0,"parent":0,"menu_order":2,"comment_status":"closed","ping_status":"closed","template":"page-overview.php","meta":{"_acf_changed":false,"footnotes":""},"class_list":["post-336","page","type-page","status-publish","hentry"],"acf":[],"yoast_head":"<!-- This site is optimized with the Yoast SEO plugin v25.1 - https:\/\/yoast.com\/wordpress\/plugins\/seo\/ -->\n<title>APER\u00c7U - SuigenFS<\/title>\n<meta name=\"description\" content=\"Les recours collectifs en mati\u00e8re de valeurs mobili\u00e8res offrent une compensation pour les pertes subies par les investisseurs \u00e0 la suite d&#039;une fraude ou d&#039;une mauvaise conduite, en proposant un recouvrement par le biais de fonds \u00e9tablis.\" \/>\n<meta name=\"robots\" content=\"index, follow, max-snippet:-1, max-image-preview:large, max-video-preview:-1\" \/>\n<link rel=\"canonical\" href=\"https:\/\/suigenfs.com\/fr\/apercu\/\" \/>\n<meta property=\"og:locale\" content=\"fr_FR\" \/>\n<meta property=\"og:type\" content=\"article\" \/>\n<meta property=\"og:title\" content=\"APER\u00c7U - SuigenFS\" \/>\n<meta property=\"og:description\" content=\"Les recours collectifs en mati\u00e8re de valeurs mobili\u00e8res offrent une compensation pour les pertes subies par les investisseurs \u00e0 la suite d&#039;une fraude ou d&#039;une mauvaise conduite, en proposant un recouvrement par le biais de fonds \u00e9tablis.\" \/>\n<meta property=\"og:url\" content=\"https:\/\/suigenfs.com\/fr\/apercu\/\" \/>\n<meta property=\"og:site_name\" content=\"SuigenFS\" \/>\n<meta property=\"article:modified_time\" content=\"2024-05-09T07:27:22+00:00\" \/>\n<meta property=\"og:image\" content=\"https:\/\/suigenfs.com\/wp-content\/uploads\/2022\/04\/image-compartir-suigen-jpg.webp\" \/>\n\t<meta property=\"og:image:width\" content=\"1200\" \/>\n\t<meta property=\"og:image:height\" content=\"628\" \/>\n\t<meta property=\"og:image:type\" content=\"image\/jpeg\" \/>\n<meta name=\"twitter:card\" content=\"summary_large_image\" \/>\n<meta name=\"twitter:label1\" content=\"Dur\u00e9e de lecture estim\u00e9e\" \/>\n\t<meta name=\"twitter:data1\" content=\"2 minutes\" \/>\n<script type=\"application\/ld+json\" class=\"yoast-schema-graph\">{\"@context\":\"https:\/\/schema.org\",\"@graph\":[{\"@type\":\"WebPage\",\"@id\":\"https:\/\/suigenfs.com\/fr\/apercu\/\",\"url\":\"https:\/\/suigenfs.com\/fr\/apercu\/\",\"name\":\"APER\u00c7U - SuigenFS\",\"isPartOf\":{\"@id\":\"https:\/\/suigenfs.com\/fr\/#website\"},\"datePublished\":\"2024-03-18T07:26:36+00:00\",\"dateModified\":\"2024-05-09T07:27:22+00:00\",\"description\":\"Les recours collectifs en mati\u00e8re de valeurs mobili\u00e8res offrent une compensation pour les pertes subies par les investisseurs \u00e0 la suite d'une fraude ou d'une mauvaise conduite, en proposant un recouvrement par le biais de fonds \u00e9tablis.\",\"breadcrumb\":{\"@id\":\"https:\/\/suigenfs.com\/fr\/apercu\/#breadcrumb\"},\"inLanguage\":\"fr-FR\",\"potentialAction\":[{\"@type\":\"ReadAction\",\"target\":[\"https:\/\/suigenfs.com\/fr\/apercu\/\"]}]},{\"@type\":\"BreadcrumbList\",\"@id\":\"https:\/\/suigenfs.com\/fr\/apercu\/#breadcrumb\",\"itemListElement\":[{\"@type\":\"ListItem\",\"position\":1,\"name\":\"Accueil\",\"item\":\"https:\/\/suigenfs.com\/fr\/accueil\/\"},{\"@type\":\"ListItem\",\"position\":2,\"name\":\"APER\u00c7U\"}]},{\"@type\":\"WebSite\",\"@id\":\"https:\/\/suigenfs.com\/fr\/#website\",\"url\":\"https:\/\/suigenfs.com\/fr\/\",\"name\":\"SuigenFS\",\"description\":\"Suigen is one of Europe&#039;s leading securities class action services providers\",\"alternateName\":\"Suigen\",\"potentialAction\":[{\"@type\":\"SearchAction\",\"target\":{\"@type\":\"EntryPoint\",\"urlTemplate\":\"https:\/\/suigenfs.com\/fr\/?s={search_term_string}\"},\"query-input\":{\"@type\":\"PropertyValueSpecification\",\"valueRequired\":true,\"valueName\":\"search_term_string\"}}],\"inLanguage\":\"fr-FR\"}]}<\/script>\n<!-- \/ Yoast SEO plugin. -->","yoast_head_json":{"title":"APER\u00c7U - SuigenFS","description":"Les recours collectifs en mati\u00e8re de valeurs mobili\u00e8res offrent une compensation pour les pertes subies par les investisseurs \u00e0 la suite d'une fraude ou d'une mauvaise conduite, en proposant un recouvrement par le biais de fonds \u00e9tablis.","robots":{"index":"index","follow":"follow","max-snippet":"max-snippet:-1","max-image-preview":"max-image-preview:large","max-video-preview":"max-video-preview:-1"},"canonical":"https:\/\/suigenfs.com\/fr\/apercu\/","og_locale":"fr_FR","og_type":"article","og_title":"APER\u00c7U - SuigenFS","og_description":"Les recours collectifs en mati\u00e8re de valeurs mobili\u00e8res offrent une compensation pour les pertes subies par les investisseurs \u00e0 la suite d'une fraude ou d'une mauvaise conduite, en proposant un recouvrement par le biais de fonds \u00e9tablis.","og_url":"https:\/\/suigenfs.com\/fr\/apercu\/","og_site_name":"SuigenFS","article_modified_time":"2024-05-09T07:27:22+00:00","og_image":[{"width":1200,"height":628,"url":"https:\/\/suigenfs.com\/wp-content\/uploads\/2022\/04\/image-compartir-suigen-jpg.webp","type":"image\/jpeg"}],"twitter_card":"summary_large_image","twitter_misc":{"Dur\u00e9e de lecture estim\u00e9e":"2 minutes"},"schema":{"@context":"https:\/\/schema.org","@graph":[{"@type":"WebPage","@id":"https:\/\/suigenfs.com\/fr\/apercu\/","url":"https:\/\/suigenfs.com\/fr\/apercu\/","name":"APER\u00c7U - SuigenFS","isPartOf":{"@id":"https:\/\/suigenfs.com\/fr\/#website"},"datePublished":"2024-03-18T07:26:36+00:00","dateModified":"2024-05-09T07:27:22+00:00","description":"Les recours collectifs en mati\u00e8re de valeurs mobili\u00e8res offrent une compensation pour les pertes subies par les investisseurs \u00e0 la suite d'une fraude ou d'une mauvaise conduite, en proposant un recouvrement par le biais de fonds \u00e9tablis.","breadcrumb":{"@id":"https:\/\/suigenfs.com\/fr\/apercu\/#breadcrumb"},"inLanguage":"fr-FR","potentialAction":[{"@type":"ReadAction","target":["https:\/\/suigenfs.com\/fr\/apercu\/"]}]},{"@type":"BreadcrumbList","@id":"https:\/\/suigenfs.com\/fr\/apercu\/#breadcrumb","itemListElement":[{"@type":"ListItem","position":1,"name":"Accueil","item":"https:\/\/suigenfs.com\/fr\/accueil\/"},{"@type":"ListItem","position":2,"name":"APER\u00c7U"}]},{"@type":"WebSite","@id":"https:\/\/suigenfs.com\/fr\/#website","url":"https:\/\/suigenfs.com\/fr\/","name":"SuigenFS","description":"Suigen is one of Europe&#039;s leading securities class action services providers","alternateName":"Suigen","potentialAction":[{"@type":"SearchAction","target":{"@type":"EntryPoint","urlTemplate":"https:\/\/suigenfs.com\/fr\/?s={search_term_string}"},"query-input":{"@type":"PropertyValueSpecification","valueRequired":true,"valueName":"search_term_string"}}],"inLanguage":"fr-FR"}]}},"_links":{"self":[{"href":"https:\/\/suigenfs.com\/fr\/wp-json\/wp\/v2\/pages\/336","targetHints":{"allow":["GET"]}}],"collection":[{"href":"https:\/\/suigenfs.com\/fr\/wp-json\/wp\/v2\/pages"}],"about":[{"href":"https:\/\/suigenfs.com\/fr\/wp-json\/wp\/v2\/types\/page"}],"author":[{"embeddable":true,"href":"https:\/\/suigenfs.com\/fr\/wp-json\/wp\/v2\/users\/1"}],"replies":[{"embeddable":true,"href":"https:\/\/suigenfs.com\/fr\/wp-json\/wp\/v2\/comments?post=336"}],"version-history":[{"count":2,"href":"https:\/\/suigenfs.com\/fr\/wp-json\/wp\/v2\/pages\/336\/revisions"}],"predecessor-version":[{"id":383,"href":"https:\/\/suigenfs.com\/fr\/wp-json\/wp\/v2\/pages\/336\/revisions\/383"}],"wp:attachment":[{"href":"https:\/\/suigenfs.com\/fr\/wp-json\/wp\/v2\/media?parent=336"}],"curies":[{"name":"wp","href":"https:\/\/api.w.org\/{rel}","templated":true}]}}