{"id":339,"date":"2024-03-18T11:41:55","date_gmt":"2024-03-18T10:41:55","guid":{"rendered":"https:\/\/suigenfs.com\/a-propos-de-nous\/"},"modified":"2025-02-17T12:18:07","modified_gmt":"2025-02-17T11:18:07","slug":"a-propos","status":"publish","type":"page","link":"https:\/\/suigenfs.com\/fr\/a-propos\/","title":{"rendered":"\u00c0 propos de nous"},"content":{"rendered":"","protected":false},"excerpt":{"rendered":"","protected":false},"author":1,"featured_media":0,"parent":0,"menu_order":4,"comment_status":"closed","ping_status":"closed","template":"page-about-us.php","meta":{"_acf_changed":false,"footnotes":""},"class_list":["post-339","page","type-page","status-publish","hentry"],"acf":[],"yoast_head":"<!-- This site is optimized with the Yoast SEO plugin v25.1 - https:\/\/yoast.com\/wordpress\/plugins\/seo\/ -->\n<title>\u00c0 propos de nous - SuigenFS<\/title>\n<meta name=\"description\" content=\"Suigen : Unique dans la fourniture de services personnalis\u00e9s et transparents de recouvrement de recours collectifs en mati\u00e8re de valeurs mobili\u00e8res, avec pr\u00e9cision, confiance et engagement global.\" \/>\n<meta name=\"robots\" content=\"index, follow, max-snippet:-1, max-image-preview:large, max-video-preview:-1\" \/>\n<link rel=\"canonical\" href=\"https:\/\/suigenfs.com\/fr\/a-propos\/\" \/>\n<meta property=\"og:locale\" content=\"fr_FR\" \/>\n<meta property=\"og:type\" content=\"article\" \/>\n<meta property=\"og:title\" content=\"\u00c0 propos de nous - SuigenFS\" \/>\n<meta property=\"og:description\" content=\"Suigen : Unique dans la fourniture de services personnalis\u00e9s et transparents de recouvrement de recours collectifs en mati\u00e8re de valeurs mobili\u00e8res, avec pr\u00e9cision, confiance et engagement global.\" \/>\n<meta property=\"og:url\" content=\"https:\/\/suigenfs.com\/fr\/a-propos\/\" \/>\n<meta property=\"og:site_name\" content=\"SuigenFS\" \/>\n<meta property=\"article:modified_time\" content=\"2025-02-17T11:18:07+00:00\" \/>\n<meta property=\"og:image\" content=\"https:\/\/suigenfs.com\/wp-content\/uploads\/2022\/04\/image-compartir-suigen-jpg.webp\" \/>\n\t<meta property=\"og:image:width\" content=\"1200\" \/>\n\t<meta property=\"og:image:height\" content=\"628\" \/>\n\t<meta property=\"og:image:type\" content=\"image\/jpeg\" \/>\n<meta name=\"twitter:card\" content=\"summary_large_image\" \/>\n<script type=\"application\/ld+json\" class=\"yoast-schema-graph\">{\"@context\":\"https:\/\/schema.org\",\"@graph\":[{\"@type\":\"WebPage\",\"@id\":\"https:\/\/suigenfs.com\/fr\/a-propos\/\",\"url\":\"https:\/\/suigenfs.com\/fr\/a-propos\/\",\"name\":\"\u00c0 propos de nous - SuigenFS\",\"isPartOf\":{\"@id\":\"https:\/\/suigenfs.com\/fr\/#website\"},\"datePublished\":\"2024-03-18T10:41:55+00:00\",\"dateModified\":\"2025-02-17T11:18:07+00:00\",\"description\":\"Suigen : Unique dans la fourniture de services personnalis\u00e9s et transparents de recouvrement de recours collectifs en mati\u00e8re de valeurs mobili\u00e8res, avec pr\u00e9cision, confiance et engagement global.\",\"breadcrumb\":{\"@id\":\"https:\/\/suigenfs.com\/fr\/a-propos\/#breadcrumb\"},\"inLanguage\":\"fr-FR\",\"potentialAction\":[{\"@type\":\"ReadAction\",\"target\":[\"https:\/\/suigenfs.com\/fr\/a-propos\/\"]}]},{\"@type\":\"BreadcrumbList\",\"@id\":\"https:\/\/suigenfs.com\/fr\/a-propos\/#breadcrumb\",\"itemListElement\":[{\"@type\":\"ListItem\",\"position\":1,\"name\":\"Accueil\",\"item\":\"https:\/\/suigenfs.com\/fr\/accueil\/\"},{\"@type\":\"ListItem\",\"position\":2,\"name\":\"\u00c0 propos de nous\"}]},{\"@type\":\"WebSite\",\"@id\":\"https:\/\/suigenfs.com\/fr\/#website\",\"url\":\"https:\/\/suigenfs.com\/fr\/\",\"name\":\"SuigenFS\",\"description\":\"Suigen is one of Europe&#039;s leading securities class action services providers\",\"alternateName\":\"Suigen\",\"potentialAction\":[{\"@type\":\"SearchAction\",\"target\":{\"@type\":\"EntryPoint\",\"urlTemplate\":\"https:\/\/suigenfs.com\/fr\/?s={search_term_string}\"},\"query-input\":{\"@type\":\"PropertyValueSpecification\",\"valueRequired\":true,\"valueName\":\"search_term_string\"}}],\"inLanguage\":\"fr-FR\"}]}<\/script>\n<!-- \/ Yoast SEO plugin. -->","yoast_head_json":{"title":"\u00c0 propos de nous - SuigenFS","description":"Suigen : Unique dans la fourniture de services personnalis\u00e9s et transparents de recouvrement de recours collectifs en mati\u00e8re de valeurs mobili\u00e8res, avec pr\u00e9cision, confiance et engagement global.","robots":{"index":"index","follow":"follow","max-snippet":"max-snippet:-1","max-image-preview":"max-image-preview:large","max-video-preview":"max-video-preview:-1"},"canonical":"https:\/\/suigenfs.com\/fr\/a-propos\/","og_locale":"fr_FR","og_type":"article","og_title":"\u00c0 propos de nous - SuigenFS","og_description":"Suigen : Unique dans la fourniture de services personnalis\u00e9s et transparents de recouvrement de recours collectifs en mati\u00e8re de valeurs mobili\u00e8res, avec pr\u00e9cision, confiance et engagement global.","og_url":"https:\/\/suigenfs.com\/fr\/a-propos\/","og_site_name":"SuigenFS","article_modified_time":"2025-02-17T11:18:07+00:00","og_image":[{"width":1200,"height":628,"url":"https:\/\/suigenfs.com\/wp-content\/uploads\/2022\/04\/image-compartir-suigen-jpg.webp","type":"image\/jpeg"}],"twitter_card":"summary_large_image","schema":{"@context":"https:\/\/schema.org","@graph":[{"@type":"WebPage","@id":"https:\/\/suigenfs.com\/fr\/a-propos\/","url":"https:\/\/suigenfs.com\/fr\/a-propos\/","name":"\u00c0 propos de nous - SuigenFS","isPartOf":{"@id":"https:\/\/suigenfs.com\/fr\/#website"},"datePublished":"2024-03-18T10:41:55+00:00","dateModified":"2025-02-17T11:18:07+00:00","description":"Suigen : Unique dans la fourniture de services personnalis\u00e9s et transparents de recouvrement de recours collectifs en mati\u00e8re de valeurs mobili\u00e8res, avec pr\u00e9cision, confiance et engagement global.","breadcrumb":{"@id":"https:\/\/suigenfs.com\/fr\/a-propos\/#breadcrumb"},"inLanguage":"fr-FR","potentialAction":[{"@type":"ReadAction","target":["https:\/\/suigenfs.com\/fr\/a-propos\/"]}]},{"@type":"BreadcrumbList","@id":"https:\/\/suigenfs.com\/fr\/a-propos\/#breadcrumb","itemListElement":[{"@type":"ListItem","position":1,"name":"Accueil","item":"https:\/\/suigenfs.com\/fr\/accueil\/"},{"@type":"ListItem","position":2,"name":"\u00c0 propos de nous"}]},{"@type":"WebSite","@id":"https:\/\/suigenfs.com\/fr\/#website","url":"https:\/\/suigenfs.com\/fr\/","name":"SuigenFS","description":"Suigen is one of Europe&#039;s leading securities class action services providers","alternateName":"Suigen","potentialAction":[{"@type":"SearchAction","target":{"@type":"EntryPoint","urlTemplate":"https:\/\/suigenfs.com\/fr\/?s={search_term_string}"},"query-input":{"@type":"PropertyValueSpecification","valueRequired":true,"valueName":"search_term_string"}}],"inLanguage":"fr-FR"}]}},"_links":{"self":[{"href":"https:\/\/suigenfs.com\/fr\/wp-json\/wp\/v2\/pages\/339","targetHints":{"allow":["GET"]}}],"collection":[{"href":"https:\/\/suigenfs.com\/fr\/wp-json\/wp\/v2\/pages"}],"about":[{"href":"https:\/\/suigenfs.com\/fr\/wp-json\/wp\/v2\/types\/page"}],"author":[{"embeddable":true,"href":"https:\/\/suigenfs.com\/fr\/wp-json\/wp\/v2\/users\/1"}],"replies":[{"embeddable":true,"href":"https:\/\/suigenfs.com\/fr\/wp-json\/wp\/v2\/comments?post=339"}],"version-history":[{"count":3,"href":"https:\/\/suigenfs.com\/fr\/wp-json\/wp\/v2\/pages\/339\/revisions"}],"predecessor-version":[{"id":627,"href":"https:\/\/suigenfs.com\/fr\/wp-json\/wp\/v2\/pages\/339\/revisions\/627"}],"wp:attachment":[{"href":"https:\/\/suigenfs.com\/fr\/wp-json\/wp\/v2\/media?parent=339"}],"curies":[{"name":"wp","href":"https:\/\/api.w.org\/{rel}","templated":true}]}}