{"id":343,"date":"2022-04-04T09:16:45","date_gmt":"2022-04-04T07:16:45","guid":{"rendered":"https:\/\/suigenfs.com\/termes-et-conditions\/"},"modified":"2025-07-09T08:19:19","modified_gmt":"2025-07-09T06:19:19","slug":"termes-et-conditions","status":"publish","type":"page","link":"https:\/\/suigenfs.com\/fr\/termes-et-conditions\/","title":{"rendered":"Termes et Conditions"},"content":{"rendered":"\n<h3 class=\"wp-block-heading\">1. DONN\u00c9ES D&rsquo;IDENTIFICATION<\/h3>\n\n<ul class=\"wp-block-list\">\n<li>Nom de domaine: suigenfs.com<\/li>\n\n\n\n<li>Nom commercial: Suigen ou Suigen FS<\/li>\n\n\n\n<li>Raison sociale: Suigen Financial Services AG<\/li>\n\n\n\n<li>N\u00b0 d&rsquo;identification fiscale : CHE352956982<\/li>\n\n\n\n<li>Adresse du si\u00e8ge social : Hinterbergstrasse 17, 6330 Cham, Suisse<\/li>\n\n\n\n<li>T\u00e9l\u00e9phone : +41 41 551 00 93<\/li>\n\n\n\n<li>Email: suigenfs[at]suigenfs.com<\/li>\n<\/ul>\n\n<h3 class=\"wp-block-heading\">2. DROITS DE PROPRI\u00c9T\u00c9 INTELLECTUELLE ET INDUSTRIELLE<\/h3>\n\n<p>Le site web, y compris sa programmation, ses designs, logos, textes et graphiques, est la propri\u00e9t\u00e9 de Suigen Financial Services AG ou est utilis\u00e9 sous licence. Toute reproduction, utilisation ou distribution n\u00e9cessite une autorisation \u00e9crite pr\u00e9alable. Les designs, logos et graphiques non d\u00e9tenus par Suigen Financial Services AG sont la propri\u00e9t\u00e9 de leurs propri\u00e9taires respectifs.<\/p>\n\n<h3 class=\"wp-block-heading\">3. POLITIQUE DE LIENS<\/h3>\n\n<p>Les liens externes peuvent rediriger les utilisateurs vers du contenu tiers. Suigen Financial Services AG n&rsquo;est pas responsable de ce contenu mais traitera rapidement toute violation des lois, de la morale ou de l&rsquo;ordre public.<\/p>\n\n<h3 class=\"wp-block-heading\">4. EXON\u00c9RATION DE RESPONSABILIT\u00c9<\/h3>\n\n<p>Suigen Financial Services AG d\u00e9cline toute responsabilit\u00e9 pour les informations sur son site web sauf si elles ont \u00e9t\u00e9 manipul\u00e9es par une partie externe. Les utilisateurs sont encourag\u00e9s \u00e0 signaler tout probl\u00e8me potentiel.<\/p>\n\n<h3 class=\"wp-block-heading\">5. FORCE MAJEURE<\/h3>\n\n<p>Bien que des efforts soient d\u00e9ploy\u00e9s pour garantir la disponibilit\u00e9 24h\/24 et 7j\/7 du site web, Suigen Financial Services AG reconna\u00eet la possibilit\u00e9 d&rsquo;erreurs de programmation ou de circonstances impr\u00e9vues.<\/p>\n\n<h3 class=\"wp-block-heading\">6. ADRESSES IP<\/h3>\n\n<p>Les serveurs du site web d\u00e9tectent automatiquement les adresses IP des utilisateurs et les utilisent \u00e0 des fins de mesures statistiques. Ces informations sont trait\u00e9es exclusivement \u00e0 des fins analytiques.<\/p>\n\n<h3 class=\"wp-block-heading\">7. DROIT APPLICABLE ET JURIDICTION<\/h3>\n\n<p>Le droit suisse r\u00e9git tout litige li\u00e9 \u00e0 ce site web.<\/p>\n","protected":false},"excerpt":{"rendered":"<p>1. DONN\u00c9ES D&rsquo;IDENTIFICATION 2. DROITS DE PROPRI\u00c9T\u00c9 INTELLECTUELLE ET INDUSTRIELLE Le site web, y compris sa programmation, ses designs, logos, textes et graphiques, est la propri\u00e9t\u00e9 de Suigen Financial Services AG ou est utilis\u00e9 sous licence. Toute reproduction, utilisation ou distribution n\u00e9cessite une autorisation \u00e9crite pr\u00e9alable. Les designs, logos et graphiques non d\u00e9tenus par Suigen [&hellip;]<\/p>\n","protected":false},"author":1,"featured_media":0,"parent":0,"menu_order":98,"comment_status":"closed","ping_status":"closed","template":"","meta":{"_acf_changed":false,"footnotes":""},"class_list":["post-343","page","type-page","status-publish","hentry"],"acf":[],"yoast_head":"<!-- This site is optimized with the Yoast SEO plugin v25.1 - https:\/\/yoast.com\/wordpress\/plugins\/seo\/ -->\n<title>Termes et Conditions - SuigenFS<\/title>\n<meta name=\"robots\" content=\"noindex, nofollow\" \/>\n<meta property=\"og:locale\" content=\"fr_FR\" \/>\n<meta property=\"og:type\" content=\"article\" \/>\n<meta property=\"og:title\" content=\"Termes et Conditions - SuigenFS\" \/>\n<meta property=\"og:description\" content=\"1. DONN\u00c9ES D&rsquo;IDENTIFICATION 2. DROITS DE PROPRI\u00c9T\u00c9 INTELLECTUELLE ET INDUSTRIELLE Le site web, y compris sa programmation, ses designs, logos, textes et graphiques, est la propri\u00e9t\u00e9 de Suigen Financial Services AG ou est utilis\u00e9 sous licence. Toute reproduction, utilisation ou distribution n\u00e9cessite une autorisation \u00e9crite pr\u00e9alable. Les designs, logos et graphiques non d\u00e9tenus par Suigen [&hellip;]\" \/>\n<meta property=\"og:url\" content=\"https:\/\/suigenfs.com\/fr\/termes-et-conditions\/\" \/>\n<meta property=\"og:site_name\" content=\"SuigenFS\" \/>\n<meta property=\"article:modified_time\" content=\"2025-07-09T06:19:19+00:00\" \/>\n<meta property=\"og:image\" content=\"https:\/\/suigenfs.com\/wp-content\/uploads\/2022\/04\/image-compartir-suigen-jpg.webp\" \/>\n\t<meta property=\"og:image:width\" content=\"1200\" \/>\n\t<meta property=\"og:image:height\" content=\"628\" \/>\n\t<meta property=\"og:image:type\" content=\"image\/jpeg\" \/>\n<meta name=\"twitter:card\" content=\"summary_large_image\" \/>\n<meta name=\"twitter:label1\" content=\"Dur\u00e9e de lecture estim\u00e9e\" \/>\n\t<meta name=\"twitter:data1\" content=\"1 minute\" \/>\n<script type=\"application\/ld+json\" class=\"yoast-schema-graph\">{\"@context\":\"https:\/\/schema.org\",\"@graph\":[{\"@type\":\"WebPage\",\"@id\":\"https:\/\/suigenfs.com\/fr\/termes-et-conditions\/\",\"url\":\"https:\/\/suigenfs.com\/fr\/termes-et-conditions\/\",\"name\":\"Termes et Conditions - SuigenFS\",\"isPartOf\":{\"@id\":\"https:\/\/suigenfs.com\/fr\/#website\"},\"datePublished\":\"2022-04-04T07:16:45+00:00\",\"dateModified\":\"2025-07-09T06:19:19+00:00\",\"breadcrumb\":{\"@id\":\"https:\/\/suigenfs.com\/fr\/termes-et-conditions\/#breadcrumb\"},\"inLanguage\":\"fr-FR\",\"potentialAction\":[{\"@type\":\"ReadAction\",\"target\":[\"https:\/\/suigenfs.com\/fr\/termes-et-conditions\/\"]}]},{\"@type\":\"BreadcrumbList\",\"@id\":\"https:\/\/suigenfs.com\/fr\/termes-et-conditions\/#breadcrumb\",\"itemListElement\":[{\"@type\":\"ListItem\",\"position\":1,\"name\":\"Accueil\",\"item\":\"https:\/\/suigenfs.com\/fr\/accueil\/\"},{\"@type\":\"ListItem\",\"position\":2,\"name\":\"Termes et Conditions\"}]},{\"@type\":\"WebSite\",\"@id\":\"https:\/\/suigenfs.com\/fr\/#website\",\"url\":\"https:\/\/suigenfs.com\/fr\/\",\"name\":\"SuigenFS\",\"description\":\"Suigen is one of Europe&#039;s leading securities class action services providers\",\"alternateName\":\"Suigen\",\"potentialAction\":[{\"@type\":\"SearchAction\",\"target\":{\"@type\":\"EntryPoint\",\"urlTemplate\":\"https:\/\/suigenfs.com\/fr\/?s={search_term_string}\"},\"query-input\":{\"@type\":\"PropertyValueSpecification\",\"valueRequired\":true,\"valueName\":\"search_term_string\"}}],\"inLanguage\":\"fr-FR\"}]}<\/script>\n<!-- \/ Yoast SEO plugin. -->","yoast_head_json":{"title":"Termes et Conditions - SuigenFS","robots":{"index":"noindex","follow":"nofollow"},"og_locale":"fr_FR","og_type":"article","og_title":"Termes et Conditions - SuigenFS","og_description":"1. DONN\u00c9ES D&rsquo;IDENTIFICATION 2. DROITS DE PROPRI\u00c9T\u00c9 INTELLECTUELLE ET INDUSTRIELLE Le site web, y compris sa programmation, ses designs, logos, textes et graphiques, est la propri\u00e9t\u00e9 de Suigen Financial Services AG ou est utilis\u00e9 sous licence. Toute reproduction, utilisation ou distribution n\u00e9cessite une autorisation \u00e9crite pr\u00e9alable. Les designs, logos et graphiques non d\u00e9tenus par Suigen [&hellip;]","og_url":"https:\/\/suigenfs.com\/fr\/termes-et-conditions\/","og_site_name":"SuigenFS","article_modified_time":"2025-07-09T06:19:19+00:00","og_image":[{"width":1200,"height":628,"url":"https:\/\/suigenfs.com\/wp-content\/uploads\/2022\/04\/image-compartir-suigen-jpg.webp","type":"image\/jpeg"}],"twitter_card":"summary_large_image","twitter_misc":{"Dur\u00e9e de lecture estim\u00e9e":"1 minute"},"schema":{"@context":"https:\/\/schema.org","@graph":[{"@type":"WebPage","@id":"https:\/\/suigenfs.com\/fr\/termes-et-conditions\/","url":"https:\/\/suigenfs.com\/fr\/termes-et-conditions\/","name":"Termes et Conditions - SuigenFS","isPartOf":{"@id":"https:\/\/suigenfs.com\/fr\/#website"},"datePublished":"2022-04-04T07:16:45+00:00","dateModified":"2025-07-09T06:19:19+00:00","breadcrumb":{"@id":"https:\/\/suigenfs.com\/fr\/termes-et-conditions\/#breadcrumb"},"inLanguage":"fr-FR","potentialAction":[{"@type":"ReadAction","target":["https:\/\/suigenfs.com\/fr\/termes-et-conditions\/"]}]},{"@type":"BreadcrumbList","@id":"https:\/\/suigenfs.com\/fr\/termes-et-conditions\/#breadcrumb","itemListElement":[{"@type":"ListItem","position":1,"name":"Accueil","item":"https:\/\/suigenfs.com\/fr\/accueil\/"},{"@type":"ListItem","position":2,"name":"Termes et Conditions"}]},{"@type":"WebSite","@id":"https:\/\/suigenfs.com\/fr\/#website","url":"https:\/\/suigenfs.com\/fr\/","name":"SuigenFS","description":"Suigen is one of Europe&#039;s leading securities class action services providers","alternateName":"Suigen","potentialAction":[{"@type":"SearchAction","target":{"@type":"EntryPoint","urlTemplate":"https:\/\/suigenfs.com\/fr\/?s={search_term_string}"},"query-input":{"@type":"PropertyValueSpecification","valueRequired":true,"valueName":"search_term_string"}}],"inLanguage":"fr-FR"}]}},"_links":{"self":[{"href":"https:\/\/suigenfs.com\/fr\/wp-json\/wp\/v2\/pages\/343","targetHints":{"allow":["GET"]}}],"collection":[{"href":"https:\/\/suigenfs.com\/fr\/wp-json\/wp\/v2\/pages"}],"about":[{"href":"https:\/\/suigenfs.com\/fr\/wp-json\/wp\/v2\/types\/page"}],"author":[{"embeddable":true,"href":"https:\/\/suigenfs.com\/fr\/wp-json\/wp\/v2\/users\/1"}],"replies":[{"embeddable":true,"href":"https:\/\/suigenfs.com\/fr\/wp-json\/wp\/v2\/comments?post=343"}],"version-history":[{"count":3,"href":"https:\/\/suigenfs.com\/fr\/wp-json\/wp\/v2\/pages\/343\/revisions"}],"predecessor-version":[{"id":696,"href":"https:\/\/suigenfs.com\/fr\/wp-json\/wp\/v2\/pages\/343\/revisions\/696"}],"wp:attachment":[{"href":"https:\/\/suigenfs.com\/fr\/wp-json\/wp\/v2\/media?parent=343"}],"curies":[{"name":"wp","href":"https:\/\/api.w.org\/{rel}","templated":true}]}}