{"id":550,"date":"2025-02-12T15:40:32","date_gmt":"2025-02-12T14:40:32","guid":{"rendered":"https:\/\/suigenfs.com\/histoires-de-succes\/"},"modified":"2025-02-17T12:23:54","modified_gmt":"2025-02-17T11:23:54","slug":"histoires-de-succes","status":"publish","type":"page","link":"https:\/\/suigenfs.com\/fr\/histoires-de-succes\/","title":{"rendered":"Histoires de succ\u00e8s"},"content":{"rendered":"\n<p>Plus de 4 milliards de dollars am\u00e9ricains sont r\u00e9cup\u00e9r\u00e9s chaque ann\u00e9e gr\u00e2ce aux opportunit\u00e9s de fonds d&rsquo;actions collectives en valeurs mobili\u00e8res, certains cas offrant des taux de compensation de 90 % \u00e0 100 %. Cela offre aux investisseurs un potentiel de r\u00e9cup\u00e9ration significatif gr\u00e2ce \u00e0 un processus administratif formel, sans avoir besoin de prendre part \u00e0 un litige.<\/p>\n\n<div class=\"wp-block-buttons is-content-justification-center is-layout-flex wp-container-core-buttons-is-layout-16018d1d wp-block-buttons-is-layout-flex\">\n<div class=\"wp-block-button c-button--wp\"><a class=\"wp-block-button__link wp-element-button\" href=\"https:\/\/suigenfs.com\/fr\/verifiez-eligibilite\/\">V\u00c9RIFIEZ \u00c9LIGIBILIT\u00c9<\/a><\/div>\n<\/div>\n","protected":false},"excerpt":{"rendered":"<p>Plus de 4 milliards de dollars am\u00e9ricains sont r\u00e9cup\u00e9r\u00e9s chaque ann\u00e9e gr\u00e2ce aux opportunit\u00e9s de fonds d&rsquo;actions collectives en valeurs mobili\u00e8res, certains cas offrant des taux de compensation de 90 % \u00e0 100 %. Cela offre aux investisseurs un potentiel de r\u00e9cup\u00e9ration significatif gr\u00e2ce \u00e0 un processus administratif formel, sans avoir besoin de prendre part [&hellip;]<\/p>\n","protected":false},"author":1,"featured_media":0,"parent":0,"menu_order":41,"comment_status":"closed","ping_status":"closed","template":"page-success-stories.php","meta":{"_acf_changed":false,"footnotes":""},"class_list":["post-550","page","type-page","status-publish","hentry"],"acf":[],"yoast_head":"<!-- This site is optimized with the Yoast SEO plugin v25.1 - https:\/\/yoast.com\/wordpress\/plugins\/seo\/ -->\n<title>Histoires de succ\u00e8s - SuigenFS<\/title>\n<meta name=\"robots\" content=\"index, follow, max-snippet:-1, max-image-preview:large, max-video-preview:-1\" \/>\n<link rel=\"canonical\" href=\"https:\/\/suigenfs.com\/fr\/histoires-de-succes\/\" \/>\n<meta property=\"og:locale\" content=\"fr_FR\" \/>\n<meta property=\"og:type\" content=\"article\" \/>\n<meta property=\"og:title\" content=\"Histoires de succ\u00e8s - SuigenFS\" \/>\n<meta property=\"og:description\" content=\"Plus de 4 milliards de dollars am\u00e9ricains sont r\u00e9cup\u00e9r\u00e9s chaque ann\u00e9e gr\u00e2ce aux opportunit\u00e9s de fonds d&rsquo;actions collectives en valeurs mobili\u00e8res, certains cas offrant des taux de compensation de 90 % \u00e0 100 %. Cela offre aux investisseurs un potentiel de r\u00e9cup\u00e9ration significatif gr\u00e2ce \u00e0 un processus administratif formel, sans avoir besoin de prendre part [&hellip;]\" \/>\n<meta property=\"og:url\" content=\"https:\/\/suigenfs.com\/fr\/histoires-de-succes\/\" \/>\n<meta property=\"og:site_name\" content=\"SuigenFS\" \/>\n<meta property=\"article:modified_time\" content=\"2025-02-17T11:23:54+00:00\" \/>\n<meta property=\"og:image\" content=\"https:\/\/suigenfs.com\/wp-content\/uploads\/2022\/04\/image-compartir-suigen-jpg.webp\" \/>\n\t<meta property=\"og:image:width\" content=\"1200\" \/>\n\t<meta property=\"og:image:height\" content=\"628\" \/>\n\t<meta property=\"og:image:type\" content=\"image\/jpeg\" \/>\n<meta name=\"twitter:card\" content=\"summary_large_image\" \/>\n<script type=\"application\/ld+json\" class=\"yoast-schema-graph\">{\"@context\":\"https:\/\/schema.org\",\"@graph\":[{\"@type\":\"WebPage\",\"@id\":\"https:\/\/suigenfs.com\/fr\/histoires-de-succes\/\",\"url\":\"https:\/\/suigenfs.com\/fr\/histoires-de-succes\/\",\"name\":\"Histoires de succ\u00e8s - SuigenFS\",\"isPartOf\":{\"@id\":\"https:\/\/suigenfs.com\/fr\/#website\"},\"datePublished\":\"2025-02-12T14:40:32+00:00\",\"dateModified\":\"2025-02-17T11:23:54+00:00\",\"breadcrumb\":{\"@id\":\"https:\/\/suigenfs.com\/fr\/histoires-de-succes\/#breadcrumb\"},\"inLanguage\":\"fr-FR\",\"potentialAction\":[{\"@type\":\"ReadAction\",\"target\":[\"https:\/\/suigenfs.com\/fr\/histoires-de-succes\/\"]}]},{\"@type\":\"BreadcrumbList\",\"@id\":\"https:\/\/suigenfs.com\/fr\/histoires-de-succes\/#breadcrumb\",\"itemListElement\":[{\"@type\":\"ListItem\",\"position\":1,\"name\":\"Accueil\",\"item\":\"https:\/\/suigenfs.com\/fr\/accueil\/\"},{\"@type\":\"ListItem\",\"position\":2,\"name\":\"Histoires de succ\u00e8s\"}]},{\"@type\":\"WebSite\",\"@id\":\"https:\/\/suigenfs.com\/fr\/#website\",\"url\":\"https:\/\/suigenfs.com\/fr\/\",\"name\":\"SuigenFS\",\"description\":\"Suigen is one of Europe&#039;s leading securities class action services providers\",\"alternateName\":\"Suigen\",\"potentialAction\":[{\"@type\":\"SearchAction\",\"target\":{\"@type\":\"EntryPoint\",\"urlTemplate\":\"https:\/\/suigenfs.com\/fr\/?s={search_term_string}\"},\"query-input\":{\"@type\":\"PropertyValueSpecification\",\"valueRequired\":true,\"valueName\":\"search_term_string\"}}],\"inLanguage\":\"fr-FR\"}]}<\/script>\n<!-- \/ Yoast SEO plugin. -->","yoast_head_json":{"title":"Histoires de succ\u00e8s - SuigenFS","robots":{"index":"index","follow":"follow","max-snippet":"max-snippet:-1","max-image-preview":"max-image-preview:large","max-video-preview":"max-video-preview:-1"},"canonical":"https:\/\/suigenfs.com\/fr\/histoires-de-succes\/","og_locale":"fr_FR","og_type":"article","og_title":"Histoires de succ\u00e8s - SuigenFS","og_description":"Plus de 4 milliards de dollars am\u00e9ricains sont r\u00e9cup\u00e9r\u00e9s chaque ann\u00e9e gr\u00e2ce aux opportunit\u00e9s de fonds d&rsquo;actions collectives en valeurs mobili\u00e8res, certains cas offrant des taux de compensation de 90 % \u00e0 100 %. Cela offre aux investisseurs un potentiel de r\u00e9cup\u00e9ration significatif gr\u00e2ce \u00e0 un processus administratif formel, sans avoir besoin de prendre part [&hellip;]","og_url":"https:\/\/suigenfs.com\/fr\/histoires-de-succes\/","og_site_name":"SuigenFS","article_modified_time":"2025-02-17T11:23:54+00:00","og_image":[{"width":1200,"height":628,"url":"https:\/\/suigenfs.com\/wp-content\/uploads\/2022\/04\/image-compartir-suigen-jpg.webp","type":"image\/jpeg"}],"twitter_card":"summary_large_image","schema":{"@context":"https:\/\/schema.org","@graph":[{"@type":"WebPage","@id":"https:\/\/suigenfs.com\/fr\/histoires-de-succes\/","url":"https:\/\/suigenfs.com\/fr\/histoires-de-succes\/","name":"Histoires de succ\u00e8s - SuigenFS","isPartOf":{"@id":"https:\/\/suigenfs.com\/fr\/#website"},"datePublished":"2025-02-12T14:40:32+00:00","dateModified":"2025-02-17T11:23:54+00:00","breadcrumb":{"@id":"https:\/\/suigenfs.com\/fr\/histoires-de-succes\/#breadcrumb"},"inLanguage":"fr-FR","potentialAction":[{"@type":"ReadAction","target":["https:\/\/suigenfs.com\/fr\/histoires-de-succes\/"]}]},{"@type":"BreadcrumbList","@id":"https:\/\/suigenfs.com\/fr\/histoires-de-succes\/#breadcrumb","itemListElement":[{"@type":"ListItem","position":1,"name":"Accueil","item":"https:\/\/suigenfs.com\/fr\/accueil\/"},{"@type":"ListItem","position":2,"name":"Histoires de succ\u00e8s"}]},{"@type":"WebSite","@id":"https:\/\/suigenfs.com\/fr\/#website","url":"https:\/\/suigenfs.com\/fr\/","name":"SuigenFS","description":"Suigen is one of Europe&#039;s leading securities class action services providers","alternateName":"Suigen","potentialAction":[{"@type":"SearchAction","target":{"@type":"EntryPoint","urlTemplate":"https:\/\/suigenfs.com\/fr\/?s={search_term_string}"},"query-input":{"@type":"PropertyValueSpecification","valueRequired":true,"valueName":"search_term_string"}}],"inLanguage":"fr-FR"}]}},"_links":{"self":[{"href":"https:\/\/suigenfs.com\/fr\/wp-json\/wp\/v2\/pages\/550","targetHints":{"allow":["GET"]}}],"collection":[{"href":"https:\/\/suigenfs.com\/fr\/wp-json\/wp\/v2\/pages"}],"about":[{"href":"https:\/\/suigenfs.com\/fr\/wp-json\/wp\/v2\/types\/page"}],"author":[{"embeddable":true,"href":"https:\/\/suigenfs.com\/fr\/wp-json\/wp\/v2\/users\/1"}],"replies":[{"embeddable":true,"href":"https:\/\/suigenfs.com\/fr\/wp-json\/wp\/v2\/comments?post=550"}],"version-history":[{"count":12,"href":"https:\/\/suigenfs.com\/fr\/wp-json\/wp\/v2\/pages\/550\/revisions"}],"predecessor-version":[{"id":633,"href":"https:\/\/suigenfs.com\/fr\/wp-json\/wp\/v2\/pages\/550\/revisions\/633"}],"wp:attachment":[{"href":"https:\/\/suigenfs.com\/fr\/wp-json\/wp\/v2\/media?parent=550"}],"curies":[{"name":"wp","href":"https:\/\/api.w.org\/{rel}","templated":true}]}}