{"id":679,"date":"2025-05-19T16:24:45","date_gmt":"2025-05-19T14:24:45","guid":{"rendered":"https:\/\/suigenfs.com\/automatic-claim-tracking\/"},"modified":"2025-05-26T11:17:26","modified_gmt":"2025-05-26T09:17:26","slug":"automatic-claim-tracking","status":"publish","type":"page","link":"https:\/\/suigenfs.com\/fr\/automatic-claim-tracking\/","title":{"rendered":"Automatic Claim Tracking"},"content":{"rendered":"\n<div class=\"wp-block-columns is-layout-flex wp-container-core-columns-is-layout-9d6595d7 wp-block-columns-is-layout-flex\">\n<div class=\"wp-block-column is-layout-flow wp-block-column-is-layout-flow\">\n<p><strong>Le suivi automatique des r\u00e9clamations<\/strong> de Suigen donne \u00e0 votre entreprise une visibilit\u00e9 en temps r\u00e9el sur les opportunit\u00e9s de r\u00e9cup\u00e9ration potentielles &#8211; garantissant que vous ne manquiez jamais une r\u00e9cup\u00e9ration \u00e0 laquelle vous avez droit.<\/p>\n\n\n\n<p>Lorsqu&rsquo;un r\u00e8glement qualifi\u00e9 survient, <strong>nous nous assurons que votre entreprise est la premi\u00e8re inform\u00e9e<\/strong>.<\/p>\n<\/div>\n\n\n\n<div class=\"wp-block-column is-layout-flow wp-block-column-is-layout-flow\">\n<figure class=\"wp-block-image size-large\"><img data-dominant-color=\"196091\" data-has-transparency=\"false\" style=\"--dominant-color: #196091;\" loading=\"lazy\" decoding=\"async\" width=\"1024\" height=\"683\" sizes=\"auto, (max-width: 1024px) 100vw, 1024px\" src=\"https:\/\/suigenfs.com\/wp-content\/uploads\/2025\/05\/radar-location-automatic-claim-tracking-suigenfs-1024x683.jpeg\" alt=\"Carte du cybermonde\" class=\"wp-image-668 not-transparent\" srcset=\"https:\/\/suigenfs.com\/wp-content\/uploads\/2025\/05\/radar-location-automatic-claim-tracking-suigenfs-1024x683.jpeg 1024w, https:\/\/suigenfs.com\/wp-content\/uploads\/2025\/05\/radar-location-automatic-claim-tracking-suigenfs-300x200.jpeg 300w, https:\/\/suigenfs.com\/wp-content\/uploads\/2025\/05\/radar-location-automatic-claim-tracking-suigenfs-768x512.jpeg 768w, https:\/\/suigenfs.com\/wp-content\/uploads\/2025\/05\/radar-location-automatic-claim-tracking-suigenfs.jpeg 1200w\" \/><\/figure>\n<\/div>\n<\/div>\n","protected":false},"excerpt":{"rendered":"<p>Le suivi automatique des r\u00e9clamations de Suigen donne \u00e0 votre entreprise une visibilit\u00e9 en temps r\u00e9el sur les opportunit\u00e9s de r\u00e9cup\u00e9ration potentielles &#8211; garantissant que vous ne manquiez jamais une r\u00e9cup\u00e9ration \u00e0 laquelle vous avez droit. Lorsqu&rsquo;un r\u00e8glement qualifi\u00e9 survient, nous nous assurons que votre entreprise est la premi\u00e8re inform\u00e9e.<\/p>\n","protected":false},"author":1,"featured_media":0,"parent":0,"menu_order":43,"comment_status":"closed","ping_status":"closed","template":"","meta":{"_acf_changed":false,"footnotes":""},"class_list":["post-679","page","type-page","status-publish","hentry"],"acf":[],"yoast_head":"<!-- This site is optimized with the Yoast SEO plugin v25.1 - https:\/\/yoast.com\/wordpress\/plugins\/seo\/ -->\n<title>Automatic Claim Tracking - SuigenFS<\/title>\n<meta name=\"description\" content=\"Suivez les r\u00e9cup\u00e9rations juridiques en temps r\u00e9el gr\u00e2ce au suivi automatique de Suigen. Restez inform\u00e9 et ne manquez aucune r\u00e9clamation.\" \/>\n<meta name=\"robots\" content=\"noindex, nofollow\" \/>\n<meta property=\"og:locale\" content=\"fr_FR\" \/>\n<meta property=\"og:type\" content=\"article\" \/>\n<meta property=\"og:title\" content=\"Automatic Claim Tracking - SuigenFS\" \/>\n<meta property=\"og:description\" content=\"Suivez les r\u00e9cup\u00e9rations juridiques en temps r\u00e9el gr\u00e2ce au suivi automatique de Suigen. Restez inform\u00e9 et ne manquez aucune r\u00e9clamation.\" \/>\n<meta property=\"og:url\" content=\"https:\/\/suigenfs.com\/fr\/automatic-claim-tracking\/\" \/>\n<meta property=\"og:site_name\" content=\"SuigenFS\" \/>\n<meta property=\"article:modified_time\" content=\"2025-05-26T09:17:26+00:00\" \/>\n<meta property=\"og:image\" content=\"https:\/\/suigenfs.com\/wp-content\/uploads\/2025\/05\/radar-location-automatic-claim-tracking-suigenfs.jpeg\" \/>\n\t<meta property=\"og:image:width\" content=\"1200\" \/>\n\t<meta property=\"og:image:height\" content=\"800\" \/>\n\t<meta property=\"og:image:type\" content=\"image\/jpeg\" \/>\n<meta name=\"twitter:card\" content=\"summary_large_image\" \/>\n<script type=\"application\/ld+json\" class=\"yoast-schema-graph\">{\"@context\":\"https:\/\/schema.org\",\"@graph\":[{\"@type\":\"WebPage\",\"@id\":\"https:\/\/suigenfs.com\/fr\/automatic-claim-tracking\/\",\"url\":\"https:\/\/suigenfs.com\/fr\/automatic-claim-tracking\/\",\"name\":\"Automatic Claim Tracking - SuigenFS\",\"isPartOf\":{\"@id\":\"https:\/\/suigenfs.com\/fr\/#website\"},\"primaryImageOfPage\":{\"@id\":\"https:\/\/suigenfs.com\/fr\/automatic-claim-tracking\/#primaryimage\"},\"image\":{\"@id\":\"https:\/\/suigenfs.com\/fr\/automatic-claim-tracking\/#primaryimage\"},\"thumbnailUrl\":\"https:\/\/suigenfs.com\/wp-content\/uploads\/2025\/05\/radar-location-automatic-claim-tracking-suigenfs-1024x683.jpeg\",\"datePublished\":\"2025-05-19T14:24:45+00:00\",\"dateModified\":\"2025-05-26T09:17:26+00:00\",\"description\":\"Suivez les r\u00e9cup\u00e9rations juridiques en temps r\u00e9el gr\u00e2ce au suivi automatique de Suigen. Restez inform\u00e9 et ne manquez aucune r\u00e9clamation.\",\"breadcrumb\":{\"@id\":\"https:\/\/suigenfs.com\/fr\/automatic-claim-tracking\/#breadcrumb\"},\"inLanguage\":\"fr-FR\",\"potentialAction\":[{\"@type\":\"ReadAction\",\"target\":[\"https:\/\/suigenfs.com\/fr\/automatic-claim-tracking\/\"]}]},{\"@type\":\"ImageObject\",\"inLanguage\":\"fr-FR\",\"@id\":\"https:\/\/suigenfs.com\/fr\/automatic-claim-tracking\/#primaryimage\",\"url\":\"https:\/\/suigenfs.com\/wp-content\/uploads\/2025\/05\/radar-location-automatic-claim-tracking-suigenfs-1024x683.jpeg\",\"contentUrl\":\"https:\/\/suigenfs.com\/wp-content\/uploads\/2025\/05\/radar-location-automatic-claim-tracking-suigenfs-1024x683.jpeg\"},{\"@type\":\"BreadcrumbList\",\"@id\":\"https:\/\/suigenfs.com\/fr\/automatic-claim-tracking\/#breadcrumb\",\"itemListElement\":[{\"@type\":\"ListItem\",\"position\":1,\"name\":\"Accueil\",\"item\":\"https:\/\/suigenfs.com\/fr\/accueil\/\"},{\"@type\":\"ListItem\",\"position\":2,\"name\":\"Automatic Claim Tracking\"}]},{\"@type\":\"WebSite\",\"@id\":\"https:\/\/suigenfs.com\/fr\/#website\",\"url\":\"https:\/\/suigenfs.com\/fr\/\",\"name\":\"SuigenFS\",\"description\":\"Suigen is one of Europe&#039;s leading securities class action services providers\",\"alternateName\":\"Suigen\",\"potentialAction\":[{\"@type\":\"SearchAction\",\"target\":{\"@type\":\"EntryPoint\",\"urlTemplate\":\"https:\/\/suigenfs.com\/fr\/?s={search_term_string}\"},\"query-input\":{\"@type\":\"PropertyValueSpecification\",\"valueRequired\":true,\"valueName\":\"search_term_string\"}}],\"inLanguage\":\"fr-FR\"}]}<\/script>\n<!-- \/ Yoast SEO plugin. -->","yoast_head_json":{"title":"Automatic Claim Tracking - SuigenFS","description":"Suivez les r\u00e9cup\u00e9rations juridiques en temps r\u00e9el gr\u00e2ce au suivi automatique de Suigen. Restez inform\u00e9 et ne manquez aucune r\u00e9clamation.","robots":{"index":"noindex","follow":"nofollow"},"og_locale":"fr_FR","og_type":"article","og_title":"Automatic Claim Tracking - SuigenFS","og_description":"Suivez les r\u00e9cup\u00e9rations juridiques en temps r\u00e9el gr\u00e2ce au suivi automatique de Suigen. Restez inform\u00e9 et ne manquez aucune r\u00e9clamation.","og_url":"https:\/\/suigenfs.com\/fr\/automatic-claim-tracking\/","og_site_name":"SuigenFS","article_modified_time":"2025-05-26T09:17:26+00:00","og_image":[{"width":1200,"height":800,"url":"https:\/\/suigenfs.com\/wp-content\/uploads\/2025\/05\/radar-location-automatic-claim-tracking-suigenfs.jpeg","type":"image\/jpeg"}],"twitter_card":"summary_large_image","schema":{"@context":"https:\/\/schema.org","@graph":[{"@type":"WebPage","@id":"https:\/\/suigenfs.com\/fr\/automatic-claim-tracking\/","url":"https:\/\/suigenfs.com\/fr\/automatic-claim-tracking\/","name":"Automatic Claim Tracking - SuigenFS","isPartOf":{"@id":"https:\/\/suigenfs.com\/fr\/#website"},"primaryImageOfPage":{"@id":"https:\/\/suigenfs.com\/fr\/automatic-claim-tracking\/#primaryimage"},"image":{"@id":"https:\/\/suigenfs.com\/fr\/automatic-claim-tracking\/#primaryimage"},"thumbnailUrl":"https:\/\/suigenfs.com\/wp-content\/uploads\/2025\/05\/radar-location-automatic-claim-tracking-suigenfs-1024x683.jpeg","datePublished":"2025-05-19T14:24:45+00:00","dateModified":"2025-05-26T09:17:26+00:00","description":"Suivez les r\u00e9cup\u00e9rations juridiques en temps r\u00e9el gr\u00e2ce au suivi automatique de Suigen. Restez inform\u00e9 et ne manquez aucune r\u00e9clamation.","breadcrumb":{"@id":"https:\/\/suigenfs.com\/fr\/automatic-claim-tracking\/#breadcrumb"},"inLanguage":"fr-FR","potentialAction":[{"@type":"ReadAction","target":["https:\/\/suigenfs.com\/fr\/automatic-claim-tracking\/"]}]},{"@type":"ImageObject","inLanguage":"fr-FR","@id":"https:\/\/suigenfs.com\/fr\/automatic-claim-tracking\/#primaryimage","url":"https:\/\/suigenfs.com\/wp-content\/uploads\/2025\/05\/radar-location-automatic-claim-tracking-suigenfs-1024x683.jpeg","contentUrl":"https:\/\/suigenfs.com\/wp-content\/uploads\/2025\/05\/radar-location-automatic-claim-tracking-suigenfs-1024x683.jpeg"},{"@type":"BreadcrumbList","@id":"https:\/\/suigenfs.com\/fr\/automatic-claim-tracking\/#breadcrumb","itemListElement":[{"@type":"ListItem","position":1,"name":"Accueil","item":"https:\/\/suigenfs.com\/fr\/accueil\/"},{"@type":"ListItem","position":2,"name":"Automatic Claim Tracking"}]},{"@type":"WebSite","@id":"https:\/\/suigenfs.com\/fr\/#website","url":"https:\/\/suigenfs.com\/fr\/","name":"SuigenFS","description":"Suigen is one of Europe&#039;s leading securities class action services providers","alternateName":"Suigen","potentialAction":[{"@type":"SearchAction","target":{"@type":"EntryPoint","urlTemplate":"https:\/\/suigenfs.com\/fr\/?s={search_term_string}"},"query-input":{"@type":"PropertyValueSpecification","valueRequired":true,"valueName":"search_term_string"}}],"inLanguage":"fr-FR"}]}},"_links":{"self":[{"href":"https:\/\/suigenfs.com\/fr\/wp-json\/wp\/v2\/pages\/679","targetHints":{"allow":["GET"]}}],"collection":[{"href":"https:\/\/suigenfs.com\/fr\/wp-json\/wp\/v2\/pages"}],"about":[{"href":"https:\/\/suigenfs.com\/fr\/wp-json\/wp\/v2\/types\/page"}],"author":[{"embeddable":true,"href":"https:\/\/suigenfs.com\/fr\/wp-json\/wp\/v2\/users\/1"}],"replies":[{"embeddable":true,"href":"https:\/\/suigenfs.com\/fr\/wp-json\/wp\/v2\/comments?post=679"}],"version-history":[{"count":1,"href":"https:\/\/suigenfs.com\/fr\/wp-json\/wp\/v2\/pages\/679\/revisions"}],"predecessor-version":[{"id":680,"href":"https:\/\/suigenfs.com\/fr\/wp-json\/wp\/v2\/pages\/679\/revisions\/680"}],"wp:attachment":[{"href":"https:\/\/suigenfs.com\/fr\/wp-json\/wp\/v2\/media?parent=679"}],"curies":[{"name":"wp","href":"https:\/\/api.w.org\/{rel}","templated":true}]}}